{"id":12329,"date":"2024-10-29T10:08:04","date_gmt":"2024-10-29T10:08:04","guid":{"rendered":"https:\/\/balajiitsolution.com\/?post_type=product&#038;p=12329"},"modified":"2025-02-10T14:20:39","modified_gmt":"2025-02-10T14:20:39","slug":"redmi-13-5g-hawaiian-blue-8gb128gb","status":"publish","type":"product","link":"https:\/\/balajiitsolution.com\/index.php\/product\/redmi-13-5g-hawaiian-blue-8gb128gb\/","title":{"rendered":"Redmi 13 5G, Hawaiian Blue, 8GB+128GB"},"content":{"rendered":"<div id=\"productOverview_feature_div\" class=\"celwidget\" data-feature-name=\"productOverview\" data-csa-c-type=\"widget\" data-csa-c-content-id=\"productOverview\" data-csa-c-slot-id=\"productOverview_feature_div\" data-csa-c-asin=\"B0D78X544X\" data-csa-c-is-in-initial-active-row=\"false\" data-csa-c-id=\"wtvy3h-4b3bci-lhhhue-dab6sl\" data-cel-widget=\"productOverview_feature_div\">\n<div class=\"a-section a-spacing-small a-spacing-top-small\">\n<table class=\"a-normal a-spacing-micro\">\n<tbody>\n<tr class=\"a-spacing-small po-brand\">\n<td class=\"a-span3\"><span class=\"a-size-base a-text-bold\">Brand<\/span><\/td>\n<td class=\"a-span9\"><span class=\"a-size-base po-break-word\">Redmi<\/span><\/td>\n<\/tr>\n<tr class=\"a-spacing-small po-operating_system\">\n<td class=\"a-span3\"><span class=\"a-size-base a-text-bold\">Operating System<\/span><\/td>\n<td class=\"a-span9\"><span class=\"a-size-base po-break-word\">Android 14, Xiaomi HyperOS<\/span><\/td>\n<\/tr>\n<tr class=\"a-spacing-small po-ram_memory.installed_size\">\n<td class=\"a-span3\"><span class=\"a-size-base a-text-bold\">RAM Memory Installed Size<\/span><\/td>\n<td class=\"a-span9\"><span class=\"a-size-base po-break-word\">8 GB<\/span><\/td>\n<\/tr>\n<tr class=\"a-spacing-small po-cpu_model.family\">\n<td class=\"a-span3\"><span class=\"a-size-base a-text-bold\">CPU Model<\/span><\/td>\n<td class=\"a-span9\"><span class=\"a-size-base po-break-word\">Snapdragon<\/span><\/td>\n<\/tr>\n<tr class=\"a-spacing-small po-cpu_model.speed\">\n<td class=\"a-span3\"><span class=\"a-size-base a-text-bold\">CPU Speed<\/span><\/td>\n<td class=\"a-span9\"><span class=\"a-size-base po-break-word\">2.3 GHz<\/span><\/td>\n<\/tr>\n<\/tbody>\n<\/table>\n<\/div>\n<\/div>\n<div id=\"featurebullets_feature_div\" class=\"celwidget\" data-feature-name=\"featurebullets\" data-csa-c-type=\"widget\" data-csa-c-content-id=\"featurebullets\" data-csa-c-slot-id=\"featurebullets_feature_div\" data-csa-c-asin=\"B0D78X544X\" data-csa-c-is-in-initial-active-row=\"false\" data-csa-c-id=\"632ak0-wh49cx-oxdtvx-rgggbh\" data-cel-widget=\"featurebullets_feature_div\">\n<div id=\"feature-bullets\" class=\"a-section a-spacing-medium a-spacing-top-small\">\n<hr \/>\n<h1 class=\"a-size-base-plus a-text-bold\">About this item<\/h1>\n<ul class=\"a-unordered-list a-vertical a-spacing-mini\">\n<li class=\"a-spacing-mini\"><span class=\"a-list-item\">Display: Large 17.24cm FHD+ 120Hz AdaptiveSync display with Corning Gorilla Glass 3 Protection, T\u00dcV Rheinland low blue light, T\u00dcV flicker-free, T\u00dcV Circadian Friendly, Wet finger touch display<\/span><\/li>\n<li class=\"a-spacing-mini\"><span class=\"a-list-item\">Processor: Qualcomm Snapdragon 4 Gen2 Accelerated Edition Octa-core processor for high performance ; Up to 2.3GHz; Android 14 with Xiaomi Hyper OS, Up to 16GB RAM including 8GB Virtual RAM<\/span><\/li>\n<li class=\"a-spacing-mini\"><span class=\"a-list-item\">Camera: 108MP f\/1.75 Dual camera with 3X In-Sensor Zoom, classic film filters, Portrait, Night Mode ,HDR, 108MP mode, Time-lapse, Google lens, Macro Video | 13MP Selfie camera<\/span><\/li>\n<li class=\"a-spacing-mini\"><span class=\"a-list-item\">Battery: 5030 mah large battery with 33W fast charger in-box and Type-C connectivity<\/span><\/li>\n<li class=\"a-spacing-mini\"><span class=\"a-list-item\">Side Fingerprint Sensor, 3.5mm Jack, IR Blaster, IP53<\/span><\/li>\n<\/ul>\n<\/div>\n<\/div>\n","protected":false},"excerpt":{"rendered":"<h4 id=\"title\" class=\"a-size-large a-spacing-none\"><span id=\"productTitle\" class=\"a-size-large product-title-word-break\">India Debut SD 4 Gen 2 AE | 108MP Pro Grade Camera | 6.79in Largest Display in Segment<\/span><\/h4>\n","protected":false},"featured_media":12334,"template":"","meta":[],"product_brand":[],"product_cat":[130,135],"product_tag":[997,983,2144,193,2263,2264,190,2262,1267,1557],"class_list":{"0":"post-12329","1":"product","2":"type-product","3":"status-publish","4":"has-post-thumbnail","6":"product_cat-mobile","7":"product_cat-redmi-mobiles","8":"product_tag-128gbstorage","9":"product_tag-5gsmartphone","10":"product_tag-8gbram","11":"product_tag-fastcharging","12":"product_tag-hawaiianblue","13":"product_tag-hddisplay","14":"product_tag-longbatterylife","15":"product_tag-redmi135g","16":"product_tag-smoothperformance","17":"product_tag-stylishdesign","19":"first","20":"instock","21":"sale","22":"shipping-taxable","23":"purchasable","24":"product-type-simple"},"_links":{"self":[{"href":"https:\/\/balajiitsolution.com\/index.php\/wp-json\/wp\/v2\/product\/12329","targetHints":{"allow":["GET"]}}],"collection":[{"href":"https:\/\/balajiitsolution.com\/index.php\/wp-json\/wp\/v2\/product"}],"about":[{"href":"https:\/\/balajiitsolution.com\/index.php\/wp-json\/wp\/v2\/types\/product"}],"version-history":[{"count":1,"href":"https:\/\/balajiitsolution.com\/index.php\/wp-json\/wp\/v2\/product\/12329\/revisions"}],"predecessor-version":[{"id":12335,"href":"https:\/\/balajiitsolution.com\/index.php\/wp-json\/wp\/v2\/product\/12329\/revisions\/12335"}],"wp:featuredmedia":[{"embeddable":true,"href":"https:\/\/balajiitsolution.com\/index.php\/wp-json\/wp\/v2\/media\/12334"}],"wp:attachment":[{"href":"https:\/\/balajiitsolution.com\/index.php\/wp-json\/wp\/v2\/media?parent=12329"}],"wp:term":[{"taxonomy":"product_brand","embeddable":true,"href":"https:\/\/balajiitsolution.com\/index.php\/wp-json\/wp\/v2\/product_brand?post=12329"},{"taxonomy":"product_cat","embeddable":true,"href":"https:\/\/balajiitsolution.com\/index.php\/wp-json\/wp\/v2\/product_cat?post=12329"},{"taxonomy":"product_tag","embeddable":true,"href":"https:\/\/balajiitsolution.com\/index.php\/wp-json\/wp\/v2\/product_tag?post=12329"}],"curies":[{"name":"wp","href":"https:\/\/api.w.org\/{rel}","templated":true}]}}